{"id":38,"date":"2014-09-14T01:07:55","date_gmt":"2014-09-13T23:07:55","guid":{"rendered":"http:\/\/www.fotografie-havixbeck.de\/?page_id=38"},"modified":"2018-05-27T12:20:29","modified_gmt":"2018-05-27T10:20:29","slug":"ueber-mich","status":"publish","type":"page","link":"https:\/\/www.svenroxin.de\/?page_id=38","title":{"rendered":"\u00dcber mich"},"content":{"rendered":"<div class=\"post-entry post-entry-type-page post-entry-38\">\n<div class=\"entry-content-wrapper clearfix\">\n<section class=\"av_textblock_section\">\n<div class=\"avia_textblock \">\n<div class='avia-image-container  av-styling-    avia-align-left '  ><div class='avia-image-container-inner'><div class='avia-image-overlay-wrap'><img class='avia_image ' src='https:\/\/www.svenroxin.de\/wp-content\/uploads\/2014\/09\/341A0067-300x200.jpg' alt='' title='341A0067' height=\"200\"width=\"300\"  \/><\/div><\/div><\/div>\n<p style=\"text-align: left;\"><strong>Wer ist denn dieser Fotograf \u00fcberhaupt?<\/strong><\/p>\n<p style=\"text-align: left;\">Damit ihr euch ungef\u00e4hr ein Bild davon machen k\u00f6nnt, wer hinter dieser Seite und den Fotos steckt, m\u00f6chte ich ein wenig \u00fcber mich erz\u00e4hlen!<\/p>\n<p style=\"text-align: left;\">Ich bin Sven Roxin, wohne in Ladbergen, aufgewachsen in Havixbeck und bin autodidaktischer Fotograf und liebe es, Momente im Leben mit Fotos festzuhalten.<\/p>\n<p style=\"text-align: left;\">Das tollste an dieser Arbeit ist, Fotos bleiben f\u00fcr die Ewigkeit! In der von Fotografie \u00fcberladenen digitalen Welt ist es die Kunst, Menschen immer noch mit Bildern zu fesseln.<\/p>\n<p style=\"text-align: left;\">Ich hoffe es gelingt mir, euch mit dem ein oder anderen Foto, f\u00fcr mehr als eine Sekunde zu fesseln!<\/p>\n<p style=\"text-align: left;\">Ich freue mich \u00fcber eure Anfragen!<\/p>\n<\/div>\n<\/section>\n<\/div>\n<\/div>\n","protected":false},"excerpt":{"rendered":"<p>Wer ist denn dieser Fotograf \u00fcberhaupt? Damit ihr euch ungef\u00e4hr ein Bild davon machen k\u00f6nnt, wer hinter dieser Seite und den Fotos steckt, m\u00f6chte ich ein wenig \u00fcber mich erz\u00e4hlen! Ich bin Sven Roxin, wohne in Ladbergen, aufgewachsen in Havixbeck und bin autodidaktischer Fotograf und liebe es, Momente im Leben mit Fotos festzuhalten. Das tollste [&hellip;]<\/p>\n","protected":false},"author":1,"featured_media":0,"parent":0,"menu_order":5,"comment_status":"open","ping_status":"open","template":"","meta":{"_bbp_topic_count":0,"_bbp_reply_count":0,"_bbp_total_topic_count":0,"_bbp_total_reply_count":0,"_bbp_voice_count":0,"_bbp_anonymous_reply_count":0,"_bbp_topic_count_hidden":0,"_bbp_reply_count_hidden":0,"_bbp_forum_subforum_count":0,"footnotes":""},"class_list":["post-38","page","type-page","status-publish","hentry"],"_links":{"self":[{"href":"https:\/\/www.svenroxin.de\/index.php?rest_route=\/wp\/v2\/pages\/38","targetHints":{"allow":["GET"]}}],"collection":[{"href":"https:\/\/www.svenroxin.de\/index.php?rest_route=\/wp\/v2\/pages"}],"about":[{"href":"https:\/\/www.svenroxin.de\/index.php?rest_route=\/wp\/v2\/types\/page"}],"author":[{"embeddable":true,"href":"https:\/\/www.svenroxin.de\/index.php?rest_route=\/wp\/v2\/users\/1"}],"replies":[{"embeddable":true,"href":"https:\/\/www.svenroxin.de\/index.php?rest_route=%2Fwp%2Fv2%2Fcomments&post=38"}],"version-history":[{"count":28,"href":"https:\/\/www.svenroxin.de\/index.php?rest_route=\/wp\/v2\/pages\/38\/revisions"}],"predecessor-version":[{"id":740,"href":"https:\/\/www.svenroxin.de\/index.php?rest_route=\/wp\/v2\/pages\/38\/revisions\/740"}],"wp:attachment":[{"href":"https:\/\/www.svenroxin.de\/index.php?rest_route=%2Fwp%2Fv2%2Fmedia&parent=38"}],"curies":[{"name":"wp","href":"https:\/\/api.w.org\/{rel}","templated":true}]}}