{"id":15,"date":"2014-09-13T23:35:15","date_gmt":"2014-09-13T21:35:15","guid":{"rendered":"http:\/\/www.fotografie-havixbeck.de\/?page_id=15"},"modified":"2014-11-06T20:16:50","modified_gmt":"2014-11-06T18:16:50","slug":"wedding","status":"publish","type":"page","link":"https:\/\/www.svenroxin.de\/?page_id=15","title":{"rendered":"Wedding"},"content":{"rendered":"<div class='av-alb-blogposts template-blog  av-blog-meta-author-disabled av-blog-meta-comments-disabled av-blog-meta-category-disabled av-blog-meta-date-disabled av-blog-meta-html-info-disabled ' ><article class='post-entry post-entry-type-standard post-entry-187 post-loop-1 post-parity-odd post-entry-last single-big  post-187 post type-post status-publish format-standard hentry category-wedding' ><div class='blog-meta'><\/div><div class='entry-content-wrapper clearfix standard-content'><header class=\"entry-content-header\"><div class=\"av-heading-wrapper\"><h2 class='post-title entry-title' >\t<a href='https:\/\/www.svenroxin.de\/?p=187' rel='bookmark' title='Permanenter Link zu: Hochzeitsfotograf f\u00fcr euren sch\u00f6nsten Tag'>Hochzeitsfotograf f\u00fcr euren sch\u00f6nsten Tag\t\t\t<span class='post-format-icon minor-meta'><\/span>\t<\/a><\/h2><span class=\"blog-categories minor-meta\"><a href=\"https:\/\/www.svenroxin.de\/?cat=4\" rel=\"tag\">Wedding<\/a> <\/span><\/div><span class=\"av-vertical-delimiter\"><\/span><div class=\"entry-content\" ><p>Ihr plant eure Hochzeit und seid noch auf der Suche nach einem Fotografen?<\/p>\n<p>Ich begleite euch und eure G\u00e4ste gern an diesem ganz besonderen, wichtigen und vermutlich auch sch\u00f6nsten Tag in eurem Leben.<br \/>\nMir ist es besonders wichtig, keine gestellten Hochzeitsfotos zu erstellen. Ich m\u00f6chte euch so zeigen, wie ihr seid, ohne dass ihr euch verstellen m\u00fcsst. Ich halte echte Gef\u00fchlsmomente mit allen Eindr\u00fccken rund um eure Hochzeit fest, so dass ihr euren Tag beim Anschauen der Fotos immer wieder neu erleben werdet. Von den Vorbereitungen bis zur Party &#8211; ganz nach euren W\u00fcnschen. Ich berate euch gern, benutzt dazu einfach das Kontaktformular und schreibt mir eine Nachricht.<\/p>\n<div id='av-masonry-1' class='av-masonry  noHover av-fixed-size av-large-gap av-hover-overlay-active av-masonry-col-flexible av-caption-always av-caption-style- av-masonry-gallery     '  ><div class='av-masonry-container isotope av-js-disabled ' ><div class='av-masonry-entry isotope-item av-masonry-item-no-image '><\/div><a href=\"https:\/\/www.svenroxin.de\/wp-content\/uploads\/2014\/09\/DSC_4353-2-3-682x1030.jpg\" id='av-masonry-1-item-123' data-av-masonry-item='123' class='av-masonry-entry isotope-item post-123 attachment type-attachment status-inherit hentry  av-masonry-item-with-image av-grid-img' title=\"\" ><div class='av-inner-masonry-sizer'><\/div><figure class='av-inner-masonry main_color'><div class=\"av-masonry-outerimage-container\"><div class=\"av-masonry-image-container\" style=\"background-image: url(https:\/\/www.svenroxin.de\/wp-content\/uploads\/2014\/09\/DSC_4353-2-3-466x705.jpg);\"><\/div><\/div><\/figure><\/a><!--end av-masonry entry--><a href=\"https:\/\/www.svenroxin.de\/wp-content\/uploads\/2014\/09\/DSC_4556-2-722x1030.jpg\" id='av-masonry-1-item-135' data-av-masonry-item='135' class='av-masonry-entry isotope-item post-135 attachment type-attachment status-inherit hentry  av-masonry-item-with-image av-grid-img' title=\"\" ><div class='av-inner-masonry-sizer'><\/div><figure class='av-inner-masonry main_color'><div class=\"av-masonry-outerimage-container\"><div class=\"av-masonry-image-container\" style=\"background-image: url(https:\/\/www.svenroxin.de\/wp-content\/uploads\/2014\/09\/DSC_4556-2-494x705.jpg);\"><\/div><\/div><\/figure><\/a><!--end av-masonry entry--><a href=\"https:\/\/www.svenroxin.de\/wp-content\/uploads\/2014\/09\/DSC_4162-2-3-1030x682.jpg\" id='av-masonry-1-item-128' data-av-masonry-item='128' class='av-masonry-entry isotope-item post-128 attachment type-attachment status-inherit hentry  av-masonry-item-with-image av-grid-img' title=\"\" ><div class='av-inner-masonry-sizer'><\/div><figure class='av-inner-masonry main_color'><div class=\"av-masonry-outerimage-container\"><div class=\"av-masonry-image-container\" style=\"background-image: url(https:\/\/www.svenroxin.de\/wp-content\/uploads\/2014\/09\/DSC_4162-2-3-705x466.jpg);\"><\/div><\/div><\/figure><\/a><!--end av-masonry entry--><a href=\"https:\/\/www.svenroxin.de\/wp-content\/uploads\/2014\/09\/DSC_4077-2-2-1030x682.jpg\" id='av-masonry-1-item-130' data-av-masonry-item='130' class='av-masonry-entry isotope-item post-130 attachment type-attachment status-inherit hentry  av-masonry-item-with-image av-grid-img' title=\"\" ><div class='av-inner-masonry-sizer'><\/div><figure class='av-inner-masonry main_color'><div class=\"av-masonry-outerimage-container\"><div class=\"av-masonry-image-container\" style=\"background-image: url(https:\/\/www.svenroxin.de\/wp-content\/uploads\/2014\/09\/DSC_4077-2-2-705x466.jpg);\"><\/div><\/div><\/figure><\/a><!--end av-masonry entry--><\/div><\/div>\n<p>&nbsp;<\/p>\n<p>&nbsp;<\/p>\n<\/div><span class='post-meta-infos'><time class='date-container minor-meta updated' >6. November 2014<\/time><span class='text-sep text-sep-date'>\/<\/span><span class=\"blog-author minor-meta\">von <span class=\"entry-author-link\" ><span class=\"vcard author\"><span class=\"fn\"><a href=\"https:\/\/www.svenroxin.de\/?author=1\" title=\"Beitr\u00e4ge von Sven Roxin\" rel=\"author\">Sven Roxin<\/a><\/span><\/span><\/span><\/span><\/span><\/header><footer class=\"entry-footer\"><\/footer><div class='post_delimiter'><\/div><\/div><div class='post_author_timeline'><\/div><\/article><div class='single-big'><\/div><\/div>\n","protected":false},"excerpt":{"rendered":"","protected":false},"author":1,"featured_media":0,"parent":0,"menu_order":2,"comment_status":"open","ping_status":"open","template":"","meta":{"_bbp_topic_count":0,"_bbp_reply_count":0,"_bbp_total_topic_count":0,"_bbp_total_reply_count":0,"_bbp_voice_count":0,"_bbp_anonymous_reply_count":0,"_bbp_topic_count_hidden":0,"_bbp_reply_count_hidden":0,"_bbp_forum_subforum_count":0,"footnotes":""},"class_list":["post-15","page","type-page","status-publish","hentry"],"_links":{"self":[{"href":"https:\/\/www.svenroxin.de\/index.php?rest_route=\/wp\/v2\/pages\/15","targetHints":{"allow":["GET"]}}],"collection":[{"href":"https:\/\/www.svenroxin.de\/index.php?rest_route=\/wp\/v2\/pages"}],"about":[{"href":"https:\/\/www.svenroxin.de\/index.php?rest_route=\/wp\/v2\/types\/page"}],"author":[{"embeddable":true,"href":"https:\/\/www.svenroxin.de\/index.php?rest_route=\/wp\/v2\/users\/1"}],"replies":[{"embeddable":true,"href":"https:\/\/www.svenroxin.de\/index.php?rest_route=%2Fwp%2Fv2%2Fcomments&post=15"}],"version-history":[{"count":19,"href":"https:\/\/www.svenroxin.de\/index.php?rest_route=\/wp\/v2\/pages\/15\/revisions"}],"predecessor-version":[{"id":196,"href":"https:\/\/www.svenroxin.de\/index.php?rest_route=\/wp\/v2\/pages\/15\/revisions\/196"}],"wp:attachment":[{"href":"https:\/\/www.svenroxin.de\/index.php?rest_route=%2Fwp%2Fv2%2Fmedia&parent=15"}],"curies":[{"name":"wp","href":"https:\/\/api.w.org\/{rel}","templated":true}]}}